{"id":43,"date":"2019-05-09T14:52:07","date_gmt":"2019-05-09T12:52:07","guid":{"rendered":"http:\/\/www.chouettes-services.com\/?page_id=43"},"modified":"2023-03-23T15:05:59","modified_gmt":"2023-03-23T14:05:59","slug":"emploi-recrutement","status":"publish","type":"page","link":"https:\/\/www.chouettes-services.com\/?page_id=43","title":{"rendered":"Emploi\/Recrutement"},"content":{"rendered":"<div id=\"pl-43\"  class=\"panel-layout\" ><div id=\"pg-43-0\"  class=\"panel-grid panel-no-style\" ><div id=\"pgc-43-0-0\"  class=\"panel-grid-cell\" ><div id=\"panel-43-0-0-0\" class=\"so-panel widget widget_sow-editor panel-first-child\" data-index=\"0\" ><div\n\t\t\t\n\t\t\tclass=\"so-widget-sow-editor so-widget-sow-editor-base\"\n\t\t\t\n\t\t>\n<div class=\"siteorigin-widget-tinymce textwidget\">\n\t<h1>Emploi\/Recrutement<\/h1>\n<div id=\"slogan\">\n<div class=\"page\" title=\"Page 8\">\n<div class=\"layoutArea\">\n<div class=\"column\">\n<h2>Nos offres d\u2019emploi en cours<\/h2>\n<div class=\"job-listing row clearfix\"><div class=\"column medium-12 col-md-12\"><div class=\"job-preview clearfix\" ><div class=\"job-content\"><h5><a href=\"https:\/\/www.chouettes-services.com\/?jobs=aide-menagere-dijon-et-communes-avoisinantes\" target=\"_self\"><span>Aide m\u00e9nag\u00e8re ext\u00e9rieurs de Dijon<\/span><\/a><\/h5><div class=\"job-additional-information\"><span>CDI<\/span><\/div><\/div><div class=\"job-cta\"><a href=\"https:\/\/www.chouettes-services.com\/?jobs=aide-menagere-dijon-et-communes-avoisinantes\" target=\"_self\" class=\"apply-btn local\">Afficher<\/a><\/div><\/div><div class=\"job-preview clearfix\" ><div class=\"job-content\"><h5><a href=\"https:\/\/www.chouettes-services.com\/?jobs=auxiliaire-de-vie-a-domicile\" target=\"_self\"><span>Auxiliaire de vie secteur Est Dijon<\/span><\/a><\/h5><div class=\"job-additional-information\"><span>CDI<\/span><\/div><\/div><div class=\"job-cta\"><a href=\"https:\/\/www.chouettes-services.com\/?jobs=auxiliaire-de-vie-a-domicile\" target=\"_self\" class=\"apply-btn local\">Afficher<\/a><\/div><\/div><\/div><\/div>\n<p>&nbsp;<\/p>\n<\/div>\n<\/div>\n<\/div>\n<\/div>\n<\/div>\n<\/div><\/div><div id=\"panel-43-0-0-1\" class=\"so-panel widget widget_sow-editor panel-last-child\" data-index=\"1\" ><div\n\t\t\t\n\t\t\tclass=\"so-widget-sow-editor so-widget-sow-editor-base\"\n\t\t\t\n\t\t>\n<div class=\"siteorigin-widget-tinymce textwidget\">\n\t<div id=\"slogan\">\n<div class=\"page\" title=\"Page 8\">\n<div class=\"layoutArea\">\n<div class=\"column\">\n<h2>Candidatures spontan\u00e9es<\/h2>\n<p>Vous souhaitez postuler en candidature libre, c\u2019est possible. D\u00e9couvrez nos m\u00e9tiers et postulez en ligne.<\/p>\n<p><a href=\"https:\/\/www.chouettes-services.com\/wp-content\/uploads\/2019\/07\/aide-m\u00e9nagere.pdf\"><img loading=\"lazy\" decoding=\"async\" class=\"alignnone wp-image-412\" src=\"https:\/\/www.chouettes-services.com\/wp-content\/uploads\/2019\/06\/aide-m.png\" alt=\"\" width=\"145\" height=\"170\" srcset=\"https:\/\/www.chouettes-services.com\/wp-content\/uploads\/2019\/06\/aide-m.png 512w, https:\/\/www.chouettes-services.com\/wp-content\/uploads\/2019\/06\/aide-m-256x300.png 256w\" sizes=\"auto, (max-width: 145px) 100vw, 145px\" \/><\/a> <a href=\"https:\/\/www.chouettes-services.com\/wp-content\/uploads\/2019\/06\/auxiliaire-de-vie.pdf\"><img loading=\"lazy\" decoding=\"async\" class=\"alignnone wp-image-411\" src=\"https:\/\/www.chouettes-services.com\/wp-content\/uploads\/2019\/06\/aux-vie.png\" alt=\"\" width=\"145\" height=\"170\" srcset=\"https:\/\/www.chouettes-services.com\/wp-content\/uploads\/2019\/06\/aux-vie.png 512w, https:\/\/www.chouettes-services.com\/wp-content\/uploads\/2019\/06\/aux-vie-256x300.png 256w\" sizes=\"auto, (max-width: 145px) 100vw, 145px\" \/><\/a> <a href=\"https:\/\/www.chouettes-services.com\/wp-content\/uploads\/2019\/06\/garde-denfants.pdf\"><img loading=\"lazy\" decoding=\"async\" class=\"alignnone wp-image-410\" src=\"https:\/\/www.chouettes-services.com\/wp-content\/uploads\/2019\/06\/garde-enfants.png\" alt=\"\" width=\"145\" height=\"170\" srcset=\"https:\/\/www.chouettes-services.com\/wp-content\/uploads\/2019\/06\/garde-enfants.png 512w, https:\/\/www.chouettes-services.com\/wp-content\/uploads\/2019\/06\/garde-enfants-256x300.png 256w\" sizes=\"auto, (max-width: 145px) 100vw, 145px\" \/><\/a><\/p>\n<p><strong>Formulaire pour candidature spontan\u00e9e<\/strong><\/p>\n\n<div class=\"wpcf7 no-js\" id=\"wpcf7-f262-o1\" lang=\"fr-FR\" dir=\"ltr\" data-wpcf7-id=\"262\">\n<div class=\"screen-reader-response\"><p role=\"status\" aria-live=\"polite\" aria-atomic=\"true\"><\/p> <ul><\/ul><\/div>\n<form action=\"\/index.php?rest_route=%2Fwp%2Fv2%2Fpages%2F43#wpcf7-f262-o1\" method=\"post\" class=\"wpcf7-form init\" aria-label=\"Formulaire de contact\" enctype=\"multipart\/form-data\" novalidate=\"novalidate\" data-status=\"init\">\n<fieldset class=\"hidden-fields-container\"><input type=\"hidden\" name=\"_wpcf7\" value=\"262\" \/><input type=\"hidden\" name=\"_wpcf7_version\" value=\"6.1.5\" \/><input type=\"hidden\" name=\"_wpcf7_locale\" value=\"fr_FR\" \/><input type=\"hidden\" name=\"_wpcf7_unit_tag\" value=\"wpcf7-f262-o1\" \/><input type=\"hidden\" name=\"_wpcf7_container_post\" value=\"0\" \/><input type=\"hidden\" name=\"_wpcf7_posted_data_hash\" value=\"\" \/><input type=\"hidden\" name=\"_wpcf7_recaptcha_response\" value=\"\" \/>\n<\/fieldset>\n<p><label> Pr\u00e9nom et Nom<br \/>\n<span class=\"wpcf7-form-control-wrap\" data-name=\"your-name\"><input size=\"40\" maxlength=\"400\" class=\"wpcf7-form-control wpcf7-text wpcf7-validates-as-required\" aria-required=\"true\" aria-invalid=\"false\" value=\"\" type=\"text\" name=\"your-name\" \/><\/span> <\/label>\n<\/p>\n<p><label> Adresse Mail<br \/>\n<span class=\"wpcf7-form-control-wrap\" data-name=\"your-email\"><input size=\"40\" maxlength=\"400\" class=\"wpcf7-form-control wpcf7-email wpcf7-validates-as-required wpcf7-text wpcf7-validates-as-email\" aria-required=\"true\" aria-invalid=\"false\" value=\"\" type=\"email\" name=\"your-email\" \/><\/span> <\/label>\n<\/p>\n<p><label> Code postal<br \/>\n<span class=\"wpcf7-form-control-wrap\" data-name=\"codepostal\"><input size=\"40\" maxlength=\"400\" class=\"wpcf7-form-control wpcf7-text wpcf7-validates-as-required\" aria-required=\"true\" aria-invalid=\"false\" value=\"\" type=\"text\" name=\"codepostal\" \/><\/span> <\/label>\n<\/p>\n<p><label> Ville<br \/>\n<span class=\"wpcf7-form-control-wrap\" data-name=\"ville\"><input size=\"40\" maxlength=\"400\" class=\"wpcf7-form-control wpcf7-text wpcf7-validates-as-required\" aria-required=\"true\" aria-invalid=\"false\" value=\"\" type=\"text\" name=\"ville\" \/><\/span> <\/label>\n<\/p>\n<p><label> T\u00e9l\u00e9phone<br \/>\n<span class=\"wpcf7-form-control-wrap\" data-name=\"tel-359\"><input size=\"40\" maxlength=\"400\" class=\"wpcf7-form-control wpcf7-tel wpcf7-validates-as-required wpcf7-text wpcf7-validates-as-tel\" aria-required=\"true\" aria-invalid=\"false\" value=\"\" type=\"tel\" name=\"tel-359\" \/><\/span> <\/label>\n<\/p>\n<p><label> Type de poste<br \/>\n<span class=\"wpcf7-form-control-wrap\" data-name=\"typeposte\"><select class=\"wpcf7-form-control wpcf7-select wpcf7-validates-as-required\" aria-required=\"true\" aria-invalid=\"false\" name=\"typeposte\"><option value=\"\">&#8212;Veuillez choisir une option&#8212;<\/option><option value=\"Garde \u00e0 domicile v\u00e9hicul\u00e9e\">Garde \u00e0 domicile v\u00e9hicul\u00e9e<\/option><option value=\"Garde \u00e0 domicile sans voiture\">Garde \u00e0 domicile sans voiture<\/option><option value=\"Aide m\u00e9nag\u00e8re v\u00e9hicul\u00e9e\">Aide m\u00e9nag\u00e8re v\u00e9hicul\u00e9e<\/option><option value=\"Aide m\u00e9nag\u00e8re sans voiture\">Aide m\u00e9nag\u00e8re sans voiture<\/option><option value=\"Auxiliaire de vie v\u00e9hicul\u00e9e\">Auxiliaire de vie v\u00e9hicul\u00e9e<\/option><option value=\"Auxiliaire de vie sans voiture\">Auxiliaire de vie sans voiture<\/option><option value=\"Soutien scolaire v\u00e9hicul\u00e9 (pr\u00e9ciser mati\u00e8re et niveau)\">Soutien scolaire v\u00e9hicul\u00e9 (pr\u00e9ciser mati\u00e8re et niveau)<\/option><option value=\"Soutien scolaire sans voiture (pr\u00e9ciser mati\u00e8re et niveau)\">Soutien scolaire sans voiture (pr\u00e9ciser mati\u00e8re et niveau)<\/option><option value=\"Autres postes\">Autres postes<\/option><\/select><\/span> <\/label>\n<\/p>\n<p><label> Votre candidature<br \/>\n<span class=\"wpcf7-form-control-wrap\" data-name=\"your-message\"><textarea cols=\"40\" rows=\"10\" maxlength=\"2000\" class=\"wpcf7-form-control wpcf7-textarea\" aria-invalid=\"false\" name=\"your-message\"><\/textarea><\/span> <\/label>\n<\/p>\n<p><label> Votre CV<br \/>\n<span class=\"wpcf7-form-control-wrap\" data-name=\"file-443\"><input size=\"40\" class=\"wpcf7-form-control wpcf7-file wpcf7-validates-as-required\" accept=\"audio\/*,video\/*,image\/*\" aria-required=\"true\" aria-invalid=\"false\" type=\"file\" name=\"file-443\" \/><\/span> <\/label>\n<\/p>\n<p><label> Votre Lettre de motivation<br \/>\n<span class=\"wpcf7-form-control-wrap\" data-name=\"file-motivation\"><input size=\"40\" class=\"wpcf7-form-control wpcf7-file wpcf7-validates-as-required\" accept=\"audio\/*,video\/*,image\/*\" aria-required=\"true\" aria-invalid=\"false\" type=\"file\" name=\"file-motivation\" \/><\/span> <\/label>\n<\/p>\n<span class=\"wpcf7-form-control-wrap recaptcha\" data-name=\"recaptcha\"><span data-sitekey=\"6LdT2HkiAAAAANQ_vbUtnfjvlYg7lKJmF_z4KPAU\" class=\"wpcf7-form-control wpcf7-recaptcha g-recaptcha\"><\/span>\r\n<noscript>\r\n\t<div class=\"grecaptcha-noscript\">\r\n\t\t<iframe loading=\"lazy\" src=\"https:\/\/www.google.com\/recaptcha\/api\/fallback?k=6LdT2HkiAAAAANQ_vbUtnfjvlYg7lKJmF_z4KPAU\" frameborder=\"0\" scrolling=\"no\" width=\"310\" height=\"430\">\r\n\t\t<\/iframe>\r\n\t\t<textarea name=\"g-recaptcha-response\" rows=\"3\" cols=\"40\" placeholder=\"reCaptcha Response Here\">\r\n\t\t<\/textarea>\r\n\t<\/div>\r\n<\/noscript>\r\n<\/span>\n<p><input class=\"wpcf7-form-control wpcf7-submit has-spinner\" type=\"submit\" value=\"Envoyer ma candidature\" \/>\n<\/p><p style=\"display: none !important;\" class=\"akismet-fields-container\" data-prefix=\"_wpcf7_ak_\"><label>&#916;<textarea name=\"_wpcf7_ak_hp_textarea\" cols=\"45\" rows=\"8\" maxlength=\"100\"><\/textarea><\/label><input type=\"hidden\" id=\"ak_js_1\" name=\"_wpcf7_ak_js\" value=\"20\"\/><script>document.getElementById( \"ak_js_1\" ).setAttribute( \"value\", ( new Date() ).getTime() );<\/script><\/p><div class=\"wpcf7-response-output\" aria-hidden=\"true\"><\/div>\n<\/form>\n<\/div>\n\n<\/div>\n<\/div>\n<\/div>\n<\/div>\n<\/div>\n<\/div><\/div><\/div><\/div><div id=\"pg-43-1\"  class=\"panel-grid panel-no-style\" ><div id=\"pgc-43-1-0\"  class=\"panel-grid-cell\" ><div id=\"panel-43-1-0-0\" class=\"so-panel widget widget_sow-editor panel-first-child panel-last-child\" data-index=\"2\" ><div class=\"panel-widget-style panel-widget-style-for-43-1-0-0\" ><div\n\t\t\t\n\t\t\tclass=\"so-widget-sow-editor so-widget-sow-editor-base\"\n\t\t\t\n\t\t>\n<div class=\"siteorigin-widget-tinymce textwidget\">\n\t<p>Partagez sur les r\u00e9seaux sociaux<\/p>\n<div class=\"sfsi_widget sfsi_shortcode_container\"><div class=\"norm_row sfsi_wDiv \"  style=\"width:225px;text-align:left;\"><div style='width:40px; height:40px;margin-left:5px;margin-bottom:5px; ' class='sfsi_wicons shuffeldiv ' ><div class='inerCnt'><a class=' sficn' data-effect='' target='_blank'  href='http:\/\/www.chouettes-services.com\/?feed=rss2' id='sfsiid_rss_icon' style='width:40px;height:40px;opacity:1;'  ><img data-pin-nopin='true' alt='RSS' title='RSS' src='https:\/\/www.chouettes-services.com\/wp-content\/plugins\/ultimate-social-media-icons\/images\/icons_theme\/thin\/thin_rss.png' width='40' height='40' style='' class='sfcm sfsi_wicon ' data-effect=''   \/><\/a><\/div><\/div><div style='width:40px; height:40px;margin-left:5px;margin-bottom:5px; ' class='sfsi_wicons shuffeldiv ' ><div class='inerCnt'><a class=' sficn' data-effect='' target='_blank'  href='' id='sfsiid_facebook_icon' style='width:40px;height:40px;opacity:1;'  ><img data-pin-nopin='true' alt='Facebook' title='Facebook' src='https:\/\/www.chouettes-services.com\/wp-content\/plugins\/ultimate-social-media-icons\/images\/icons_theme\/thin\/thin_facebook.png' width='40' height='40' style='' class='sfcm sfsi_wicon ' data-effect=''   \/><\/a><div class=\"sfsi_tool_tip_2 fb_tool_bdr sfsiTlleft\" style=\"opacity:0;z-index:-1;\" id=\"sfsiid_facebook\"><span class=\"bot_arow bot_fb_arow\"><\/span><div class=\"sfsi_inside\"><div  class='icon3'><a target='_blank' href='https:\/\/www.facebook.com\/sharer\/sharer.php?u=https%3A%2F%2Fwww.chouettes-services.com%2F%3Fjobs%3Dauxiliaire-de-vie-a-domicile%26rest_route%3D%2Fwp%2Fv2%2Fpages%2F43' style='display:inline-block;'  > <img class='sfsi_wicon'  data-pin-nopin='true' alt='fb-share-icon' title='Facebook Share' src='https:\/\/www.chouettes-services.com\/wp-content\/plugins\/ultimate-social-media-icons\/images\/share_icons\/fb_icons\/en_US.svg' \/><\/a><\/div><\/div><\/div><\/div><\/div><div style='width:40px; height:40px;margin-left:5px;margin-bottom:5px; ' class='sfsi_wicons shuffeldiv ' ><div class='inerCnt'><a class=' sficn' data-effect='' target='_blank'  href='' id='sfsiid_twitter_icon' style='width:40px;height:40px;opacity:1;'  ><img data-pin-nopin='true' alt='Twitter' title='Twitter' src='https:\/\/www.chouettes-services.com\/wp-content\/plugins\/ultimate-social-media-icons\/images\/icons_theme\/thin\/thin_twitter.png' width='40' height='40' style='' class='sfcm sfsi_wicon ' data-effect=''   \/><\/a><div class=\"sfsi_tool_tip_2 twt_tool_bdr sfsiTlleft\" style=\"opacity:0;z-index:-1;\" id=\"sfsiid_twitter\"><span class=\"bot_arow bot_twt_arow\"><\/span><div class=\"sfsi_inside\"><div  class='icon2'><div class='sf_twiter' style='display: inline-block;vertical-align: middle;width: auto;'>\r\n\t\t\t\t\t\t<a target='_blank' href='https:\/\/x.com\/intent\/post?text=D%C3%A9couvrez+les+services+offerts+par+%40ChouettesServices+sur+http%3A%2F%2Fwww.chouettes-services.com+https%3A%2F%2Fwww.chouettes-services.com%2F%3Fjobs%3Dauxiliaire-de-vie-a-domicile%26%23038%3Brest_route%3D%2Fwp%2Fv2%2Fpages%2F43' style='display:inline-block' >\r\n\t\t\t\t\t\t\t<img data-pin-nopin= true class='sfsi_wicon' src='https:\/\/www.chouettes-services.com\/wp-content\/plugins\/ultimate-social-media-icons\/images\/share_icons\/Twitter_Tweet\/en_US_Tweet.svg' alt='Post on X' title='Post on X' >\r\n\t\t\t\t\t\t<\/a>\r\n\t\t\t\t\t<\/div><\/div><\/div><\/div><\/div><\/div><\/div ><div id=\"sfsi_holder\" class=\"sfsi_holders\" style=\"position: relative; float: left;width:100%;z-index:-1;\"><\/div ><script>window.addEventListener(\"sfsi_functions_loaded\", function()\n\t\t\t{\n\t\t\t\tif (typeof sfsi_widget_set == \"function\") {\n\t\t\t\t\tsfsi_widget_set();\n\t\t\t\t}\n\t\t\t}); <\/script><div style=\"clear: both;\"><\/div><\/div>\n<\/div>\n<\/div><\/div><\/div><\/div><\/div><\/div>","protected":false},"excerpt":{"rendered":"<p>Emploi\/Recrutement Nos offres d\u2019emploi en cours &nbsp; Candidatures spontan\u00e9es Vous souhaitez postuler en candidature libre, c\u2019est possible. D\u00e9couvrez nos m\u00e9tiers et postulez en ligne. Formulaire pour candidature spontan\u00e9e Partagez sur les r\u00e9seaux sociaux<\/p>\n","protected":false},"author":1,"featured_media":0,"parent":0,"menu_order":0,"comment_status":"closed","ping_status":"closed","template":"","meta":{"footnotes":""},"class_list":["post-43","page","type-page","status-publish"],"yoast_head":"<!-- This site is optimized with the Yoast SEO plugin v27.4 - https:\/\/yoast.com\/product\/yoast-seo-wordpress\/ -->\n<title>Emploi\/Recrutement - Chouettes Services<\/title>\n<meta name=\"description\" content=\"Candidatures spontan\u00e9es &amp; Offres d&#039;emploi en cours. Vous souhaitez postuler en candidature libre, c\u2019est possible. D\u00e9couvrez nos m\u00e9tiers et postulez en ligne. Emploi\/Recrutement\" \/>\n<meta name=\"robots\" content=\"index, follow, max-snippet:-1, max-image-preview:large, max-video-preview:-1\" \/>\n<link rel=\"canonical\" href=\"https:\/\/www.chouettes-services.com\/?page_id=43\" \/>\n<meta property=\"og:locale\" content=\"fr_FR\" \/>\n<meta property=\"og:type\" content=\"article\" \/>\n<meta property=\"og:title\" content=\"Emploi\/Recrutement - Chouettes Services\" \/>\n<meta property=\"og:description\" content=\"Candidatures spontan\u00e9es &amp; Offres d&#039;emploi en cours. Vous souhaitez postuler en candidature libre, c\u2019est possible. D\u00e9couvrez nos m\u00e9tiers et postulez en ligne. Emploi\/Recrutement\" \/>\n<meta property=\"og:url\" content=\"https:\/\/www.chouettes-services.com\/?page_id=43\" \/>\n<meta property=\"og:site_name\" content=\"Chouettes Services\" \/>\n<meta property=\"article:modified_time\" content=\"2023-03-23T14:05:59+00:00\" \/>\n<meta property=\"og:image\" content=\"https:\/\/www.chouettes-services.com\/wp-content\/uploads\/2019\/06\/aide-m.png\" \/>\n<meta name=\"twitter:card\" content=\"summary_large_image\" \/>\n<script type=\"application\/ld+json\" class=\"yoast-schema-graph\">{\"@context\":\"https:\\\/\\\/schema.org\",\"@graph\":[{\"@type\":\"WebPage\",\"@id\":\"https:\\\/\\\/www.chouettes-services.com\\\/?page_id=43\",\"url\":\"https:\\\/\\\/www.chouettes-services.com\\\/?page_id=43\",\"name\":\"Emploi\\\/Recrutement - Chouettes Services\",\"isPartOf\":{\"@id\":\"https:\\\/\\\/www.chouettes-services.com\\\/#website\"},\"primaryImageOfPage\":{\"@id\":\"https:\\\/\\\/www.chouettes-services.com\\\/?page_id=43#primaryimage\"},\"image\":{\"@id\":\"https:\\\/\\\/www.chouettes-services.com\\\/?page_id=43#primaryimage\"},\"thumbnailUrl\":\"https:\\\/\\\/www.chouettes-services.com\\\/wp-content\\\/uploads\\\/2019\\\/06\\\/aide-m.png\",\"datePublished\":\"2019-05-09T12:52:07+00:00\",\"dateModified\":\"2023-03-23T14:05:59+00:00\",\"description\":\"Candidatures spontan\u00e9es & Offres d'emploi en cours. Vous souhaitez postuler en candidature libre, c\u2019est possible. D\u00e9couvrez nos m\u00e9tiers et postulez en ligne. Emploi\\\/Recrutement\",\"breadcrumb\":{\"@id\":\"https:\\\/\\\/www.chouettes-services.com\\\/?page_id=43#breadcrumb\"},\"inLanguage\":\"fr-FR\",\"potentialAction\":[{\"@type\":\"ReadAction\",\"target\":[\"https:\\\/\\\/www.chouettes-services.com\\\/?page_id=43\"]}]},{\"@type\":\"ImageObject\",\"inLanguage\":\"fr-FR\",\"@id\":\"https:\\\/\\\/www.chouettes-services.com\\\/?page_id=43#primaryimage\",\"url\":\"https:\\\/\\\/www.chouettes-services.com\\\/wp-content\\\/uploads\\\/2019\\\/06\\\/aide-m.png\",\"contentUrl\":\"https:\\\/\\\/www.chouettes-services.com\\\/wp-content\\\/uploads\\\/2019\\\/06\\\/aide-m.png\",\"width\":512,\"height\":600},{\"@type\":\"BreadcrumbList\",\"@id\":\"https:\\\/\\\/www.chouettes-services.com\\\/?page_id=43#breadcrumb\",\"itemListElement\":[{\"@type\":\"ListItem\",\"position\":1,\"name\":\"Accueil\",\"item\":\"https:\\\/\\\/www.chouettes-services.com\\\/\"},{\"@type\":\"ListItem\",\"position\":2,\"name\":\"Emploi\\\/Recrutement\"}]},{\"@type\":\"WebSite\",\"@id\":\"https:\\\/\\\/www.chouettes-services.com\\\/#website\",\"url\":\"https:\\\/\\\/www.chouettes-services.com\\\/\",\"name\":\"Chouettes Services\",\"description\":\"R\u00e9seau Destia\",\"publisher\":{\"@id\":\"https:\\\/\\\/www.chouettes-services.com\\\/#organization\"},\"potentialAction\":[{\"@type\":\"SearchAction\",\"target\":{\"@type\":\"EntryPoint\",\"urlTemplate\":\"https:\\\/\\\/www.chouettes-services.com\\\/?s={search_term_string}\"},\"query-input\":{\"@type\":\"PropertyValueSpecification\",\"valueRequired\":true,\"valueName\":\"search_term_string\"}}],\"inLanguage\":\"fr-FR\"},{\"@type\":\"Organization\",\"@id\":\"https:\\\/\\\/www.chouettes-services.com\\\/#organization\",\"name\":\"Chouettes Services\",\"url\":\"https:\\\/\\\/www.chouettes-services.com\\\/\",\"logo\":{\"@type\":\"ImageObject\",\"inLanguage\":\"fr-FR\",\"@id\":\"https:\\\/\\\/www.chouettes-services.com\\\/#\\\/schema\\\/logo\\\/image\\\/\",\"url\":\"https:\\\/\\\/www.chouettes-services.com\\\/wp-content\\\/uploads\\\/2023\\\/06\\\/cropped-Capture-decran-2023-06-28-a-15.45.53.png\",\"contentUrl\":\"https:\\\/\\\/www.chouettes-services.com\\\/wp-content\\\/uploads\\\/2023\\\/06\\\/cropped-Capture-decran-2023-06-28-a-15.45.53.png\",\"width\":3393,\"height\":2003,\"caption\":\"Chouettes Services\"},\"image\":{\"@id\":\"https:\\\/\\\/www.chouettes-services.com\\\/#\\\/schema\\\/logo\\\/image\\\/\"}}]}<\/script>\n<!-- \/ Yoast SEO plugin. -->","yoast_head_json":{"title":"Emploi\/Recrutement - Chouettes Services","description":"Candidatures spontan\u00e9es & Offres d'emploi en cours. Vous souhaitez postuler en candidature libre, c\u2019est possible. D\u00e9couvrez nos m\u00e9tiers et postulez en ligne. Emploi\/Recrutement","robots":{"index":"index","follow":"follow","max-snippet":"max-snippet:-1","max-image-preview":"max-image-preview:large","max-video-preview":"max-video-preview:-1"},"canonical":"https:\/\/www.chouettes-services.com\/?page_id=43","og_locale":"fr_FR","og_type":"article","og_title":"Emploi\/Recrutement - Chouettes Services","og_description":"Candidatures spontan\u00e9es & Offres d'emploi en cours. Vous souhaitez postuler en candidature libre, c\u2019est possible. D\u00e9couvrez nos m\u00e9tiers et postulez en ligne. Emploi\/Recrutement","og_url":"https:\/\/www.chouettes-services.com\/?page_id=43","og_site_name":"Chouettes Services","article_modified_time":"2023-03-23T14:05:59+00:00","og_image":[{"url":"https:\/\/www.chouettes-services.com\/wp-content\/uploads\/2019\/06\/aide-m.png","type":"","width":"","height":""}],"twitter_card":"summary_large_image","schema":{"@context":"https:\/\/schema.org","@graph":[{"@type":"WebPage","@id":"https:\/\/www.chouettes-services.com\/?page_id=43","url":"https:\/\/www.chouettes-services.com\/?page_id=43","name":"Emploi\/Recrutement - Chouettes Services","isPartOf":{"@id":"https:\/\/www.chouettes-services.com\/#website"},"primaryImageOfPage":{"@id":"https:\/\/www.chouettes-services.com\/?page_id=43#primaryimage"},"image":{"@id":"https:\/\/www.chouettes-services.com\/?page_id=43#primaryimage"},"thumbnailUrl":"https:\/\/www.chouettes-services.com\/wp-content\/uploads\/2019\/06\/aide-m.png","datePublished":"2019-05-09T12:52:07+00:00","dateModified":"2023-03-23T14:05:59+00:00","description":"Candidatures spontan\u00e9es & Offres d'emploi en cours. Vous souhaitez postuler en candidature libre, c\u2019est possible. D\u00e9couvrez nos m\u00e9tiers et postulez en ligne. Emploi\/Recrutement","breadcrumb":{"@id":"https:\/\/www.chouettes-services.com\/?page_id=43#breadcrumb"},"inLanguage":"fr-FR","potentialAction":[{"@type":"ReadAction","target":["https:\/\/www.chouettes-services.com\/?page_id=43"]}]},{"@type":"ImageObject","inLanguage":"fr-FR","@id":"https:\/\/www.chouettes-services.com\/?page_id=43#primaryimage","url":"https:\/\/www.chouettes-services.com\/wp-content\/uploads\/2019\/06\/aide-m.png","contentUrl":"https:\/\/www.chouettes-services.com\/wp-content\/uploads\/2019\/06\/aide-m.png","width":512,"height":600},{"@type":"BreadcrumbList","@id":"https:\/\/www.chouettes-services.com\/?page_id=43#breadcrumb","itemListElement":[{"@type":"ListItem","position":1,"name":"Accueil","item":"https:\/\/www.chouettes-services.com\/"},{"@type":"ListItem","position":2,"name":"Emploi\/Recrutement"}]},{"@type":"WebSite","@id":"https:\/\/www.chouettes-services.com\/#website","url":"https:\/\/www.chouettes-services.com\/","name":"Chouettes Services","description":"R\u00e9seau Destia","publisher":{"@id":"https:\/\/www.chouettes-services.com\/#organization"},"potentialAction":[{"@type":"SearchAction","target":{"@type":"EntryPoint","urlTemplate":"https:\/\/www.chouettes-services.com\/?s={search_term_string}"},"query-input":{"@type":"PropertyValueSpecification","valueRequired":true,"valueName":"search_term_string"}}],"inLanguage":"fr-FR"},{"@type":"Organization","@id":"https:\/\/www.chouettes-services.com\/#organization","name":"Chouettes Services","url":"https:\/\/www.chouettes-services.com\/","logo":{"@type":"ImageObject","inLanguage":"fr-FR","@id":"https:\/\/www.chouettes-services.com\/#\/schema\/logo\/image\/","url":"https:\/\/www.chouettes-services.com\/wp-content\/uploads\/2023\/06\/cropped-Capture-decran-2023-06-28-a-15.45.53.png","contentUrl":"https:\/\/www.chouettes-services.com\/wp-content\/uploads\/2023\/06\/cropped-Capture-decran-2023-06-28-a-15.45.53.png","width":3393,"height":2003,"caption":"Chouettes Services"},"image":{"@id":"https:\/\/www.chouettes-services.com\/#\/schema\/logo\/image\/"}}]}},"_links":{"self":[{"href":"https:\/\/www.chouettes-services.com\/index.php?rest_route=\/wp\/v2\/pages\/43","targetHints":{"allow":["GET"]}}],"collection":[{"href":"https:\/\/www.chouettes-services.com\/index.php?rest_route=\/wp\/v2\/pages"}],"about":[{"href":"https:\/\/www.chouettes-services.com\/index.php?rest_route=\/wp\/v2\/types\/page"}],"author":[{"embeddable":true,"href":"https:\/\/www.chouettes-services.com\/index.php?rest_route=\/wp\/v2\/users\/1"}],"replies":[{"embeddable":true,"href":"https:\/\/www.chouettes-services.com\/index.php?rest_route=%2Fwp%2Fv2%2Fcomments&post=43"}],"version-history":[{"count":17,"href":"https:\/\/www.chouettes-services.com\/index.php?rest_route=\/wp\/v2\/pages\/43\/revisions"}],"predecessor-version":[{"id":848,"href":"https:\/\/www.chouettes-services.com\/index.php?rest_route=\/wp\/v2\/pages\/43\/revisions\/848"}],"wp:attachment":[{"href":"https:\/\/www.chouettes-services.com\/index.php?rest_route=%2Fwp%2Fv2%2Fmedia&parent=43"}],"curies":[{"name":"wp","href":"https:\/\/api.w.org\/{rel}","templated":true}]}}