{"id":39,"date":"2019-05-09T14:51:39","date_gmt":"2019-05-09T12:51:39","guid":{"rendered":"http:\/\/www.chouettes-services.com\/?page_id=39"},"modified":"2023-07-04T18:11:19","modified_gmt":"2023-07-04T16:11:19","slug":"trouver-une-agence","status":"publish","type":"page","link":"https:\/\/www.chouettes-services.com\/?page_id=39","title":{"rendered":"Trouver une agence"},"content":{"rendered":"<div id=\"pl-39\"  class=\"panel-layout\" ><div id=\"pg-39-0\"  class=\"panel-grid panel-no-style\" ><div id=\"pgc-39-0-0\"  class=\"panel-grid-cell\" ><div id=\"panel-39-0-0-0\" class=\"so-panel widget widget_sow-editor panel-first-child panel-last-child\" data-index=\"0\" ><div\n\t\t\t\n\t\t\tclass=\"so-widget-sow-editor so-widget-sow-editor-base\"\n\t\t\t\n\t\t>\n<div class=\"siteorigin-widget-tinymce textwidget\">\n\t<h1>Trouver une agence<\/h1>\n<div class=\"page\" title=\"Page 8\">\n<div class=\"layoutArea\">\n<div class=\"column\">\n<p>Nous avons 2 agences dont une sur le d\u00e9partement de la C\u00f4te d\u2019or et une autre dans le Doubs<\/p>\n<p>Vous trouverez ci dessous les coordonn\u00e9es exactes de chacune et les prestations que chacune g\u00e8re. Merci de vous rapprocher de l\u2019agence dont vous d\u00e9pendez (ou qui pourrait correspondre aux prestations attendues) afin que nous puissions vous apporter des r\u00e9ponses personnalis\u00e9es.<\/p>\n<\/div>\n<\/div>\n<\/div>\n<\/div>\n<\/div><\/div><\/div><\/div><div id=\"pg-39-1\"  class=\"panel-grid panel-no-style\" ><div id=\"pgc-39-1-0\"  class=\"panel-grid-cell\" ><div id=\"panel-39-1-0-0\" class=\"widget_text so-panel widget widget_custom_html panel-first-child\" data-index=\"1\" ><div class=\"textwidget custom-html-widget\"><div class=\"agence-bloc\">\n\t<span class=\"agence-title\">Agence de Dijon<\/span>\n\t<a class=\"agence-tel\" href=\"tel:+33380581114\">03 80 58 11 14<\/a>\n\t<a class=\"agence-tel\" href=\"tel:+33380667145\">03 80 66 71 45<\/a>\n\t<span class=\"agence-prestations\">Garde d'enfants &amp; travaux m\u00e9nager<\/span>\n<\/div><\/div><\/div><div id=\"panel-39-1-0-1\" class=\"so-panel widget widget_sow-editor panel-last-child\" data-index=\"2\" ><div\n\t\t\t\n\t\t\tclass=\"so-widget-sow-editor so-widget-sow-editor-base\"\n\t\t\t\n\t\t>\n<div class=\"siteorigin-widget-tinymce textwidget\">\n\t<p><strong>Horaires de l'agence:<\/strong><\/p>\n<p>8h30 - 12h30<\/p>\n<p>13h30 - 18h30<\/p>\n<p><strong>Services propos\u00e9s par cette agence:<\/strong><\/p>\n<p><a href=\"http:\/\/www.chouettes-services.com\/?page_id=31\"><img loading=\"lazy\" decoding=\"async\" class=\"alignnone wp-image-83\" src=\"http:\/\/www.chouettes-services.com\/wp-content\/uploads\/2019\/05\/Juniors.png\" alt=\"\" width=\"90\" height=\"82\" srcset=\"https:\/\/www.chouettes-services.com\/wp-content\/uploads\/2019\/05\/Juniors.png 430w, https:\/\/www.chouettes-services.com\/wp-content\/uploads\/2019\/05\/Juniors-300x273.png 300w\" sizes=\"auto, (max-width: 90px) 100vw, 90px\" \/><\/a> <a href=\"http:\/\/www.chouettes-services.com\/?page_id=33\"><img loading=\"lazy\" decoding=\"async\" class=\"alignnone wp-image-82\" src=\"http:\/\/www.chouettes-services.com\/wp-content\/uploads\/2019\/05\/Confort.png\" alt=\"\" width=\"90\" height=\"82\" srcset=\"https:\/\/www.chouettes-services.com\/wp-content\/uploads\/2019\/05\/Confort.png 430w, https:\/\/www.chouettes-services.com\/wp-content\/uploads\/2019\/05\/Confort-300x273.png 300w\" sizes=\"auto, (max-width: 90px) 100vw, 90px\" \/><\/a><a href=\"https:\/\/www.chouettes-services.com\/?page_id=35\"><img loading=\"lazy\" decoding=\"async\" class=\"alignnone wp-image-84\" src=\"https:\/\/www.chouettes-services.com\/wp-content\/uploads\/2019\/05\/R\u00e9confort-150x150.png\" alt=\"\" width=\"90\" height=\"82\" srcset=\"https:\/\/www.chouettes-services.com\/wp-content\/uploads\/2019\/05\/R\u00e9confort-300x273.png 300w, https:\/\/www.chouettes-services.com\/wp-content\/uploads\/2019\/05\/R\u00e9confort.png 430w\" sizes=\"auto, (max-width: 90px) 100vw, 90px\" \/><\/a><\/p>\n<p><a href=\"https:\/\/www.chouettes-services.com\/?page_id=31\">Garde d'enfants<\/a> - <a href=\"https:\/\/www.chouettes-services.com\/?page_id=35\">Aide \u00e0 domicile &amp; T\u00e9l\u00e9-Assistance<\/a> - <a href=\"https:\/\/www.chouettes-services.com\/?page_id=33\">M\u00e9nage\u00a0\/ Repassage<\/a><\/p>\n<\/div>\n<\/div><\/div><\/div><div id=\"pgc-39-1-1\"  class=\"panel-grid-cell\" ><div id=\"panel-39-1-1-0\" class=\"widget_text so-panel widget widget_custom_html panel-first-child\" data-index=\"3\" ><div class=\"textwidget custom-html-widget\"><div class=\"agence-bloc\">\n\t<span class=\"agence-title\">Agence de Besan\u00e7on<\/span>\n\t<a class=\"agence-tel\" href=\"tel:+33380581114\">03 81 81 82 57<\/a>\n\t<span class=\"agence-prestations\">Garde d'enfants &amp; travaux m\u00e9nager<\/span>\n<\/div><\/div><\/div><div id=\"panel-39-1-1-1\" class=\"so-panel widget widget_sow-editor panel-last-child\" data-index=\"4\" ><div\n\t\t\t\n\t\t\tclass=\"so-widget-sow-editor so-widget-sow-editor-base\"\n\t\t\t\n\t\t>\n<div class=\"siteorigin-widget-tinymce textwidget\">\n\t<p><strong>Horaires de l'agence:<\/strong><\/p>\n<p>8h30 - 12h30<\/p>\n<p>13h30 - 18h30<\/p>\n<p><strong>Services propos\u00e9s par cette agence:<\/strong><\/p>\n<p><a href=\"http:\/\/www.chouettes-services.com\/?page_id=31\"><img loading=\"lazy\" decoding=\"async\" class=\"alignnone wp-image-83\" src=\"http:\/\/www.chouettes-services.com\/wp-content\/uploads\/2019\/05\/Juniors.png\" alt=\"\" width=\"90\" height=\"82\" srcset=\"https:\/\/www.chouettes-services.com\/wp-content\/uploads\/2019\/05\/Juniors.png 430w, https:\/\/www.chouettes-services.com\/wp-content\/uploads\/2019\/05\/Juniors-300x273.png 300w\" sizes=\"auto, (max-width: 90px) 100vw, 90px\" \/><\/a> <a href=\"http:\/\/www.chouettes-services.com\/?page_id=33\"><img loading=\"lazy\" decoding=\"async\" class=\"alignnone wp-image-82\" src=\"http:\/\/www.chouettes-services.com\/wp-content\/uploads\/2019\/05\/Confort.png\" alt=\"\" width=\"90\" height=\"82\" srcset=\"https:\/\/www.chouettes-services.com\/wp-content\/uploads\/2019\/05\/Confort.png 430w, https:\/\/www.chouettes-services.com\/wp-content\/uploads\/2019\/05\/Confort-300x273.png 300w\" sizes=\"auto, (max-width: 90px) 100vw, 90px\" \/><\/a><\/p>\n<p><a href=\"https:\/\/www.chouettes-services.com\/?page_id=31\">Garde d'enfants<\/a> - <a href=\"https:\/\/www.chouettes-services.com\/?page_id=33\">M\u00e9nage\u00a0\/ Repassage<\/a><\/p>\n<\/div>\n<\/div><\/div><\/div><\/div><div id=\"pg-39-2\"  class=\"panel-grid panel-no-style\" ><div id=\"pgc-39-2-0\"  class=\"panel-grid-cell\" ><div id=\"panel-39-2-0-0\" class=\"so-panel widget widget_sow-editor panel-first-child panel-last-child\" data-index=\"5\" ><div class=\"panel-widget-style panel-widget-style-for-39-2-0-0\" ><div\n\t\t\t\n\t\t\tclass=\"so-widget-sow-editor so-widget-sow-editor-base\"\n\t\t\t\n\t\t>\n<div class=\"siteorigin-widget-tinymce textwidget\">\n\t<h2>Se rendre dans nos agences<\/h2>\n<p><iframe id=\"carte-large\" style=\"width: 100%; height: 650px;\" src=\"https:\/\/www.google.com\/maps\/d\/u\/1\/embed?mid=15l9fq7h3df6HEIvRfU3U8mPwZqUL582U\"><\/iframe><br \/>\n<iframe id=\"carte-mobile\" style=\"width: 100%; height: 400px;\" src=\"https:\/\/www.google.com\/maps\/d\/u\/1\/embed?mid=15l9fq7h3df6HEIvRfU3U8mPwZqUL582U\"><\/iframe><\/p>\n<\/div>\n<\/div><\/div><\/div><\/div><\/div><div id=\"pg-39-3\"  class=\"panel-grid panel-no-style\" ><div id=\"pgc-39-3-0\"  class=\"panel-grid-cell\" ><div id=\"panel-39-3-0-0\" class=\"so-panel widget widget_sow-editor panel-first-child panel-last-child\" data-index=\"6\" ><div class=\"panel-widget-style panel-widget-style-for-39-3-0-0\" ><div\n\t\t\t\n\t\t\tclass=\"so-widget-sow-editor so-widget-sow-editor-base\"\n\t\t\t\n\t\t>\n<div class=\"siteorigin-widget-tinymce textwidget\">\n\t<p>Partagez sur les r\u00e9seaux sociaux<\/p>\n<div class=\"sfsi_widget sfsi_shortcode_container\"><div class=\"norm_row sfsi_wDiv \"  style=\"width:225px;text-align:left;\"><div style='width:40px; height:40px;margin-left:5px;margin-bottom:5px; ' class='sfsi_wicons shuffeldiv ' ><div class='inerCnt'><a class=' sficn' data-effect='' target='_blank'  href='http:\/\/www.chouettes-services.com\/?feed=rss2' id='sfsiid_rss_icon' style='width:40px;height:40px;opacity:1;'  ><img data-pin-nopin='true' alt='RSS' title='RSS' src='https:\/\/www.chouettes-services.com\/wp-content\/plugins\/ultimate-social-media-icons\/images\/icons_theme\/thin\/thin_rss.png' width='40' height='40' style='' class='sfcm sfsi_wicon ' data-effect=''   \/><\/a><\/div><\/div><div style='width:40px; height:40px;margin-left:5px;margin-bottom:5px; ' class='sfsi_wicons shuffeldiv ' ><div class='inerCnt'><a class=' sficn' data-effect='' target='_blank'  href='' id='sfsiid_facebook_icon' style='width:40px;height:40px;opacity:1;'  ><img data-pin-nopin='true' alt='Facebook' title='Facebook' src='https:\/\/www.chouettes-services.com\/wp-content\/plugins\/ultimate-social-media-icons\/images\/icons_theme\/thin\/thin_facebook.png' width='40' height='40' style='' class='sfcm sfsi_wicon ' data-effect=''   \/><\/a><div class=\"sfsi_tool_tip_2 fb_tool_bdr sfsiTlleft\" style=\"opacity:0;z-index:-1;\" id=\"sfsiid_facebook\"><span class=\"bot_arow bot_fb_arow\"><\/span><div class=\"sfsi_inside\"><div  class='icon3'><a target='_blank' href='https:\/\/www.facebook.com\/sharer\/sharer.php?u=https%3A%2F%2Fwww.chouettes-services.com%2F%3Fpage_id%3D39%26rest_route%3D%2Fwp%2Fv2%2Fpages%2F39' style='display:inline-block;'  > <img class='sfsi_wicon'  data-pin-nopin='true' alt='fb-share-icon' title='Facebook Share' src='https:\/\/www.chouettes-services.com\/wp-content\/plugins\/ultimate-social-media-icons\/images\/share_icons\/fb_icons\/en_US.svg' \/><\/a><\/div><\/div><\/div><\/div><\/div><div style='width:40px; height:40px;margin-left:5px;margin-bottom:5px; ' class='sfsi_wicons shuffeldiv ' ><div class='inerCnt'><a class=' sficn' data-effect='' target='_blank'  href='' id='sfsiid_twitter_icon' style='width:40px;height:40px;opacity:1;'  ><img data-pin-nopin='true' alt='Twitter' title='Twitter' src='https:\/\/www.chouettes-services.com\/wp-content\/plugins\/ultimate-social-media-icons\/images\/icons_theme\/thin\/thin_twitter.png' width='40' height='40' style='' class='sfcm sfsi_wicon ' data-effect=''   \/><\/a><div class=\"sfsi_tool_tip_2 twt_tool_bdr sfsiTlleft\" style=\"opacity:0;z-index:-1;\" id=\"sfsiid_twitter\"><span class=\"bot_arow bot_twt_arow\"><\/span><div class=\"sfsi_inside\"><div  class='icon2'><div class='sf_twiter' style='display: inline-block;vertical-align: middle;width: auto;'>\r\n\t\t\t\t\t\t<a target='_blank' href='https:\/\/x.com\/intent\/post?text=D%C3%A9couvrez+les+services+offerts+par+%40ChouettesServices+sur+http%3A%2F%2Fwww.chouettes-services.com+https%3A%2F%2Fwww.chouettes-services.com%2F%3Fpage_id%3D39%26%23038%3Brest_route%3D%2Fwp%2Fv2%2Fpages%2F39' style='display:inline-block' >\r\n\t\t\t\t\t\t\t<img data-pin-nopin= true class='sfsi_wicon' src='https:\/\/www.chouettes-services.com\/wp-content\/plugins\/ultimate-social-media-icons\/images\/share_icons\/Twitter_Tweet\/en_US_Tweet.svg' alt='Post on X' title='Post on X' >\r\n\t\t\t\t\t\t<\/a>\r\n\t\t\t\t\t<\/div><\/div><\/div><\/div><\/div><\/div><\/div ><div id=\"sfsi_holder\" class=\"sfsi_holders\" style=\"position: relative; float: left;width:100%;z-index:-1;\"><\/div ><script>window.addEventListener(\"sfsi_functions_loaded\", function()\n\t\t\t{\n\t\t\t\tif (typeof sfsi_widget_set == \"function\") {\n\t\t\t\t\tsfsi_widget_set();\n\t\t\t\t}\n\t\t\t}); <\/script><div style=\"clear: both;\"><\/div><\/div>\n<\/div>\n<\/div><\/div><\/div><\/div><\/div><\/div>","protected":false},"excerpt":{"rendered":"<p>Trouver une agence Nous avons 2 agences dont une sur le d\u00e9partement de la C\u00f4te d\u2019or et une autre dans le Doubs Vous trouverez ci dessous les coordonn\u00e9es exactes de chacune et les prestations que chacune g\u00e8re. Merci de vous rapprocher de l\u2019agence dont vous d\u00e9pendez (ou qui pourrait correspondre aux prestations attendues) afin que &#8230; <a title=\"Trouver une agence\" class=\"read-more\" href=\"https:\/\/www.chouettes-services.com\/?page_id=39\" aria-label=\"En savoir plus sur Trouver une agence\">Lire la suite<\/a><\/p>\n","protected":false},"author":1,"featured_media":0,"parent":0,"menu_order":0,"comment_status":"closed","ping_status":"closed","template":"","meta":{"footnotes":""},"class_list":["post-39","page","type-page","status-publish"],"yoast_head":"<!-- This site is optimized with the Yoast SEO plugin v27.5 - https:\/\/yoast.com\/product\/yoast-seo-wordpress\/ -->\n<title>Trouver une agence - Chouettes Services<\/title>\n<meta name=\"description\" content=\"Nous avons 3 agences dont 2 sur le d\u00e9partement de la C\u00f4te d\u2019or et une autre dans le Doubs. Vous trouverez ci dessous les coordonn\u00e9es exactes de chacune et les prestations que chacune g\u00e8re. Merci de vous rapprocher de l\u2019agence dont vous d\u00e9pendez (ou qui pourrait correspondre aux prestations attendues) afin que nous puissions vous apporter des r\u00e9ponses personnalis\u00e9es.\" \/>\n<meta name=\"robots\" content=\"index, follow, max-snippet:-1, max-image-preview:large, max-video-preview:-1\" \/>\n<link rel=\"canonical\" href=\"https:\/\/www.chouettes-services.com\/?page_id=39\" \/>\n<meta property=\"og:locale\" content=\"fr_FR\" \/>\n<meta property=\"og:type\" content=\"article\" \/>\n<meta property=\"og:title\" content=\"Trouver une agence - Chouettes Services\" \/>\n<meta property=\"og:description\" content=\"Nous avons 3 agences dont 2 sur le d\u00e9partement de la C\u00f4te d\u2019or et une autre dans le Doubs. Vous trouverez ci dessous les coordonn\u00e9es exactes de chacune et les prestations que chacune g\u00e8re. Merci de vous rapprocher de l\u2019agence dont vous d\u00e9pendez (ou qui pourrait correspondre aux prestations attendues) afin que nous puissions vous apporter des r\u00e9ponses personnalis\u00e9es.\" \/>\n<meta property=\"og:url\" content=\"https:\/\/www.chouettes-services.com\/?page_id=39\" \/>\n<meta property=\"og:site_name\" content=\"Chouettes Services\" \/>\n<meta property=\"article:modified_time\" content=\"2023-07-04T16:11:19+00:00\" \/>\n<meta property=\"og:image\" content=\"http:\/\/www.chouettes-services.com\/wp-content\/uploads\/2019\/05\/Juniors.png\" \/>\n<meta name=\"twitter:card\" content=\"summary_large_image\" \/>\n<meta name=\"twitter:label1\" content=\"Dur\u00e9e de lecture estim\u00e9e\" \/>\n\t<meta name=\"twitter:data1\" content=\"1 minute\" \/>\n<script type=\"application\/ld+json\" class=\"yoast-schema-graph\">{\"@context\":\"https:\\\/\\\/schema.org\",\"@graph\":[{\"@type\":\"WebPage\",\"@id\":\"https:\\\/\\\/www.chouettes-services.com\\\/?page_id=39\",\"url\":\"https:\\\/\\\/www.chouettes-services.com\\\/?page_id=39\",\"name\":\"Trouver une agence - Chouettes Services\",\"isPartOf\":{\"@id\":\"https:\\\/\\\/www.chouettes-services.com\\\/#website\"},\"primaryImageOfPage\":{\"@id\":\"https:\\\/\\\/www.chouettes-services.com\\\/?page_id=39#primaryimage\"},\"image\":{\"@id\":\"https:\\\/\\\/www.chouettes-services.com\\\/?page_id=39#primaryimage\"},\"thumbnailUrl\":\"http:\\\/\\\/www.chouettes-services.com\\\/wp-content\\\/uploads\\\/2019\\\/05\\\/Juniors.png\",\"datePublished\":\"2019-05-09T12:51:39+00:00\",\"dateModified\":\"2023-07-04T16:11:19+00:00\",\"description\":\"Nous avons 3 agences dont 2 sur le d\u00e9partement de la C\u00f4te d\u2019or et une autre dans le Doubs. Vous trouverez ci dessous les coordonn\u00e9es exactes de chacune et les prestations que chacune g\u00e8re. Merci de vous rapprocher de l\u2019agence dont vous d\u00e9pendez (ou qui pourrait correspondre aux prestations attendues) afin que nous puissions vous apporter des r\u00e9ponses personnalis\u00e9es.\",\"breadcrumb\":{\"@id\":\"https:\\\/\\\/www.chouettes-services.com\\\/?page_id=39#breadcrumb\"},\"inLanguage\":\"fr-FR\",\"potentialAction\":[{\"@type\":\"ReadAction\",\"target\":[\"https:\\\/\\\/www.chouettes-services.com\\\/?page_id=39\"]}]},{\"@type\":\"ImageObject\",\"inLanguage\":\"fr-FR\",\"@id\":\"https:\\\/\\\/www.chouettes-services.com\\\/?page_id=39#primaryimage\",\"url\":\"https:\\\/\\\/www.chouettes-services.com\\\/wp-content\\\/uploads\\\/2019\\\/05\\\/Juniors.png\",\"contentUrl\":\"https:\\\/\\\/www.chouettes-services.com\\\/wp-content\\\/uploads\\\/2019\\\/05\\\/Juniors.png\",\"width\":430,\"height\":392},{\"@type\":\"BreadcrumbList\",\"@id\":\"https:\\\/\\\/www.chouettes-services.com\\\/?page_id=39#breadcrumb\",\"itemListElement\":[{\"@type\":\"ListItem\",\"position\":1,\"name\":\"Accueil\",\"item\":\"https:\\\/\\\/www.chouettes-services.com\\\/\"},{\"@type\":\"ListItem\",\"position\":2,\"name\":\"Trouver une agence\"}]},{\"@type\":\"WebSite\",\"@id\":\"https:\\\/\\\/www.chouettes-services.com\\\/#website\",\"url\":\"https:\\\/\\\/www.chouettes-services.com\\\/\",\"name\":\"Chouettes Services\",\"description\":\"R\u00e9seau Destia\",\"publisher\":{\"@id\":\"https:\\\/\\\/www.chouettes-services.com\\\/#organization\"},\"potentialAction\":[{\"@type\":\"SearchAction\",\"target\":{\"@type\":\"EntryPoint\",\"urlTemplate\":\"https:\\\/\\\/www.chouettes-services.com\\\/?s={search_term_string}\"},\"query-input\":{\"@type\":\"PropertyValueSpecification\",\"valueRequired\":true,\"valueName\":\"search_term_string\"}}],\"inLanguage\":\"fr-FR\"},{\"@type\":\"Organization\",\"@id\":\"https:\\\/\\\/www.chouettes-services.com\\\/#organization\",\"name\":\"Chouettes Services\",\"url\":\"https:\\\/\\\/www.chouettes-services.com\\\/\",\"logo\":{\"@type\":\"ImageObject\",\"inLanguage\":\"fr-FR\",\"@id\":\"https:\\\/\\\/www.chouettes-services.com\\\/#\\\/schema\\\/logo\\\/image\\\/\",\"url\":\"https:\\\/\\\/www.chouettes-services.com\\\/wp-content\\\/uploads\\\/2023\\\/06\\\/cropped-Capture-decran-2023-06-28-a-15.45.53.png\",\"contentUrl\":\"https:\\\/\\\/www.chouettes-services.com\\\/wp-content\\\/uploads\\\/2023\\\/06\\\/cropped-Capture-decran-2023-06-28-a-15.45.53.png\",\"width\":3393,\"height\":2003,\"caption\":\"Chouettes Services\"},\"image\":{\"@id\":\"https:\\\/\\\/www.chouettes-services.com\\\/#\\\/schema\\\/logo\\\/image\\\/\"}}]}<\/script>\n<!-- \/ Yoast SEO plugin. -->","yoast_head_json":{"title":"Trouver une agence - Chouettes Services","description":"Nous avons 3 agences dont 2 sur le d\u00e9partement de la C\u00f4te d\u2019or et une autre dans le Doubs. Vous trouverez ci dessous les coordonn\u00e9es exactes de chacune et les prestations que chacune g\u00e8re. Merci de vous rapprocher de l\u2019agence dont vous d\u00e9pendez (ou qui pourrait correspondre aux prestations attendues) afin que nous puissions vous apporter des r\u00e9ponses personnalis\u00e9es.","robots":{"index":"index","follow":"follow","max-snippet":"max-snippet:-1","max-image-preview":"max-image-preview:large","max-video-preview":"max-video-preview:-1"},"canonical":"https:\/\/www.chouettes-services.com\/?page_id=39","og_locale":"fr_FR","og_type":"article","og_title":"Trouver une agence - Chouettes Services","og_description":"Nous avons 3 agences dont 2 sur le d\u00e9partement de la C\u00f4te d\u2019or et une autre dans le Doubs. Vous trouverez ci dessous les coordonn\u00e9es exactes de chacune et les prestations que chacune g\u00e8re. Merci de vous rapprocher de l\u2019agence dont vous d\u00e9pendez (ou qui pourrait correspondre aux prestations attendues) afin que nous puissions vous apporter des r\u00e9ponses personnalis\u00e9es.","og_url":"https:\/\/www.chouettes-services.com\/?page_id=39","og_site_name":"Chouettes Services","article_modified_time":"2023-07-04T16:11:19+00:00","og_image":[{"url":"http:\/\/www.chouettes-services.com\/wp-content\/uploads\/2019\/05\/Juniors.png","type":"","width":"","height":""}],"twitter_card":"summary_large_image","twitter_misc":{"Dur\u00e9e de lecture estim\u00e9e":"1 minute"},"schema":{"@context":"https:\/\/schema.org","@graph":[{"@type":"WebPage","@id":"https:\/\/www.chouettes-services.com\/?page_id=39","url":"https:\/\/www.chouettes-services.com\/?page_id=39","name":"Trouver une agence - Chouettes Services","isPartOf":{"@id":"https:\/\/www.chouettes-services.com\/#website"},"primaryImageOfPage":{"@id":"https:\/\/www.chouettes-services.com\/?page_id=39#primaryimage"},"image":{"@id":"https:\/\/www.chouettes-services.com\/?page_id=39#primaryimage"},"thumbnailUrl":"http:\/\/www.chouettes-services.com\/wp-content\/uploads\/2019\/05\/Juniors.png","datePublished":"2019-05-09T12:51:39+00:00","dateModified":"2023-07-04T16:11:19+00:00","description":"Nous avons 3 agences dont 2 sur le d\u00e9partement de la C\u00f4te d\u2019or et une autre dans le Doubs. Vous trouverez ci dessous les coordonn\u00e9es exactes de chacune et les prestations que chacune g\u00e8re. Merci de vous rapprocher de l\u2019agence dont vous d\u00e9pendez (ou qui pourrait correspondre aux prestations attendues) afin que nous puissions vous apporter des r\u00e9ponses personnalis\u00e9es.","breadcrumb":{"@id":"https:\/\/www.chouettes-services.com\/?page_id=39#breadcrumb"},"inLanguage":"fr-FR","potentialAction":[{"@type":"ReadAction","target":["https:\/\/www.chouettes-services.com\/?page_id=39"]}]},{"@type":"ImageObject","inLanguage":"fr-FR","@id":"https:\/\/www.chouettes-services.com\/?page_id=39#primaryimage","url":"https:\/\/www.chouettes-services.com\/wp-content\/uploads\/2019\/05\/Juniors.png","contentUrl":"https:\/\/www.chouettes-services.com\/wp-content\/uploads\/2019\/05\/Juniors.png","width":430,"height":392},{"@type":"BreadcrumbList","@id":"https:\/\/www.chouettes-services.com\/?page_id=39#breadcrumb","itemListElement":[{"@type":"ListItem","position":1,"name":"Accueil","item":"https:\/\/www.chouettes-services.com\/"},{"@type":"ListItem","position":2,"name":"Trouver une agence"}]},{"@type":"WebSite","@id":"https:\/\/www.chouettes-services.com\/#website","url":"https:\/\/www.chouettes-services.com\/","name":"Chouettes Services","description":"R\u00e9seau Destia","publisher":{"@id":"https:\/\/www.chouettes-services.com\/#organization"},"potentialAction":[{"@type":"SearchAction","target":{"@type":"EntryPoint","urlTemplate":"https:\/\/www.chouettes-services.com\/?s={search_term_string}"},"query-input":{"@type":"PropertyValueSpecification","valueRequired":true,"valueName":"search_term_string"}}],"inLanguage":"fr-FR"},{"@type":"Organization","@id":"https:\/\/www.chouettes-services.com\/#organization","name":"Chouettes Services","url":"https:\/\/www.chouettes-services.com\/","logo":{"@type":"ImageObject","inLanguage":"fr-FR","@id":"https:\/\/www.chouettes-services.com\/#\/schema\/logo\/image\/","url":"https:\/\/www.chouettes-services.com\/wp-content\/uploads\/2023\/06\/cropped-Capture-decran-2023-06-28-a-15.45.53.png","contentUrl":"https:\/\/www.chouettes-services.com\/wp-content\/uploads\/2023\/06\/cropped-Capture-decran-2023-06-28-a-15.45.53.png","width":3393,"height":2003,"caption":"Chouettes Services"},"image":{"@id":"https:\/\/www.chouettes-services.com\/#\/schema\/logo\/image\/"}}]}},"_links":{"self":[{"href":"https:\/\/www.chouettes-services.com\/index.php?rest_route=\/wp\/v2\/pages\/39","targetHints":{"allow":["GET"]}}],"collection":[{"href":"https:\/\/www.chouettes-services.com\/index.php?rest_route=\/wp\/v2\/pages"}],"about":[{"href":"https:\/\/www.chouettes-services.com\/index.php?rest_route=\/wp\/v2\/types\/page"}],"author":[{"embeddable":true,"href":"https:\/\/www.chouettes-services.com\/index.php?rest_route=\/wp\/v2\/users\/1"}],"replies":[{"embeddable":true,"href":"https:\/\/www.chouettes-services.com\/index.php?rest_route=%2Fwp%2Fv2%2Fcomments&post=39"}],"version-history":[{"count":51,"href":"https:\/\/www.chouettes-services.com\/index.php?rest_route=\/wp\/v2\/pages\/39\/revisions"}],"predecessor-version":[{"id":910,"href":"https:\/\/www.chouettes-services.com\/index.php?rest_route=\/wp\/v2\/pages\/39\/revisions\/910"}],"wp:attachment":[{"href":"https:\/\/www.chouettes-services.com\/index.php?rest_route=%2Fwp%2Fv2%2Fmedia&parent=39"}],"curies":[{"name":"wp","href":"https:\/\/api.w.org\/{rel}","templated":true}]}}