{"id":37,"date":"2019-05-09T14:51:24","date_gmt":"2019-05-09T12:51:24","guid":{"rendered":"http:\/\/www.chouettes-services.com\/?page_id=37"},"modified":"2023-06-28T15:44:11","modified_gmt":"2023-06-28T13:44:11","slug":"tarifs-aides","status":"publish","type":"page","link":"https:\/\/www.chouettes-services.com\/?page_id=37","title":{"rendered":"Avantages &#038; Aides"},"content":{"rendered":"<div id=\"pl-37\"  class=\"panel-layout\" ><div id=\"pg-37-0\"  class=\"panel-grid panel-no-style\" ><div id=\"pgc-37-0-0\"  class=\"panel-grid-cell\" ><div id=\"panel-37-0-0-0\" class=\"so-panel widget widget_sow-editor panel-first-child\" data-index=\"0\" ><div\n\t\t\t\n\t\t\tclass=\"so-widget-sow-editor so-widget-sow-editor-base\"\n\t\t\t\n\t\t>\n<div class=\"siteorigin-widget-tinymce textwidget\">\n\t<h1>Avantages &amp; Aides<\/h1>\n<h2>Entreprise locale au sein d'un r\u00e9seau national<\/h2>\n<p>Nous souhaitons avant tout travailler dans une relation de confiance et de proximit\u00e9 tant avec nos clients qu\u2019avec nos salari\u00e9s.<\/p>\n<h2>Mode Prestataire<\/h2>\n<p style=\"text-align: justify;\">Chouettes services fonctionne uniquement en mode prestataire : vous n\u2019\u00eates jamais l\u2019employeur de la (les) personne(s) qui intervient(nent) \u00e0 votre domicile. La tarification affich\u00e9e est donc une tarification TTC \u00e0 laquelle vous n\u2019avez aucun frais suppl\u00e9mentaire \u00e0 rajouter : pas de charges sociales, ni de cong\u00e9s pay\u00e9s, ni m\u00eame de frais de d\u00e9placement (les frais kilom\u00e9triques qui vous sont factur\u00e9s ne concernent que les accompagnements r\u00e9alis\u00e9s \u00e0 votre demande dans le cadre de la prestation).<\/p>\n<h2>R\u00e9duction fiscale<\/h2>\n<p><img loading=\"lazy\" decoding=\"async\" class=\"alignnone wp-image-481\" src=\"http:\/\/www.chouettes-services.com\/wp-content\/uploads\/2019\/07\/credit-impot.jpg\" alt=\"\" width=\"281\" height=\"146\" srcset=\"https:\/\/www.chouettes-services.com\/wp-content\/uploads\/2019\/07\/credit-impot.jpg 456w, https:\/\/www.chouettes-services.com\/wp-content\/uploads\/2019\/07\/credit-impot-300x156.jpg 300w\" sizes=\"auto, (max-width: 281px) 100vw, 281px\" \/><\/p>\n<p style=\"text-align: justify;\">La r\u00e9duction fiscale : Chouettes services est d\u00e9clar\u00e9e\/agr\u00e9\u00e9e\/autoris\u00e9e (SAP\/491324976 et SAP\/505400143) et fournit exclusivement des services aux particuliers (pas de prestations chez des professionnels) ; de ce fait toutes nos prestations sont d\u00e9ductibles \u00e0 50 % de l\u2019imposition sur le revenu sous forme de r\u00e9duction ou de cr\u00e9dit d\u2019imp\u00f4t (en accord avec les dispositions de la Loi de Finances 2017) dans la limite de 12 000 euros par an, major\u00e9s de de 1500 euros par enfant \u00e0 charge dans la limite annuelle maximum de 15000 euros par m\u00e9nage. Nous vous fournissons annuellement une attestation fiscale reprenant les sommes qui nous ont \u00e9t\u00e9 r\u00e9gl\u00e9es sur l\u2019ann\u00e9e civilez.<\/p>\n<p>Depuis Aout 2022, les prestations sans prise en charge (sans aide CAF,\u00a0 APA, PCH, courses de retrait\u00e9, ...) peuvent b\u00e9n\u00e9ficier de l'avance imm\u00e9diate du cr\u00e9dit d'imp\u00f4ts. Ainsi l'usager ne paie que 50 % des sommes d\u00e9ductibles aupr\u00e8s de l'URSSAF.<\/p>\n<h2>CESUS<\/h2>\n<p style=\"text-align: justify;\">Les CESU (Ch\u00e8ques Emploi Service Universel): nous acceptons les CESU pr\u00e9financ\u00e9s (m\u00eame principe de fonctionnement que les tickets restaurant ou les ch\u00e8ques vacances qui est pr\u00e9-financ\u00e9 en totalit\u00e9 ou en partie par votre employeur ou un autre organisme). Il sert \u00e0 r\u00e9gler en totalit\u00e9 ou en partie vos factures. Renseignez-vous ! Pour les ind\u00e9pendants, renseignez-vous aupr\u00e8s de votre comptable.<\/p>\n<p>&nbsp;<\/p>\n<p>&nbsp;<\/p>\n<p style=\"text-align: center;\"><strong>Vous souhaitez des informations sur nos services ? N\u2019h\u00e9sitez pas \u00e0 nous demander un devis.<\/strong><\/p>\n<p><a href=\"http:\/\/www.chouettes-services.com\/?page_id=45\"><img loading=\"lazy\" decoding=\"async\" class=\" wp-image-270 aligncenter\" src=\"http:\/\/www.chouettes-services.com\/wp-content\/uploads\/2019\/06\/chouettes-devis.png\" alt=\"\" width=\"506\" height=\"66\" srcset=\"https:\/\/www.chouettes-services.com\/wp-content\/uploads\/2019\/06\/chouettes-devis.png 1350w, https:\/\/www.chouettes-services.com\/wp-content\/uploads\/2019\/06\/chouettes-devis-300x39.png 300w, https:\/\/www.chouettes-services.com\/wp-content\/uploads\/2019\/06\/chouettes-devis-768x100.png 768w, https:\/\/www.chouettes-services.com\/wp-content\/uploads\/2019\/06\/chouettes-devis-1024x133.png 1024w\" sizes=\"auto, (max-width: 506px) 100vw, 506px\" \/><\/a><\/p>\n<p>&nbsp;<\/p>\n<h2><\/h2>\n<\/div>\n<\/div><\/div><div id=\"panel-37-0-0-1\" class=\"so-panel widget widget_sow-editor panel-last-child\" data-index=\"1\" ><div\n\t\t\t\n\t\t\tclass=\"so-widget-sow-editor so-widget-sow-editor-base\"\n\t\t\t\n\t\t>\n<div class=\"siteorigin-widget-tinymce textwidget\">\n\t<\/div>\n<\/div><\/div><\/div><\/div><div id=\"pg-37-1\"  class=\"panel-grid panel-no-style\" ><div id=\"pgc-37-1-0\"  class=\"panel-grid-cell\" ><div id=\"panel-37-1-0-0\" class=\"so-panel widget widget_sow-editor panel-first-child panel-last-child\" data-index=\"2\" ><div class=\"panel-widget-style panel-widget-style-for-37-1-0-0\" ><div\n\t\t\t\n\t\t\tclass=\"so-widget-sow-editor so-widget-sow-editor-base\"\n\t\t\t\n\t\t>\n<div class=\"siteorigin-widget-tinymce textwidget\">\n\t<p>Partagez sur les r\u00e9seaux sociaux<\/p>\n<div class=\"sfsi_widget sfsi_shortcode_container\"><div class=\"norm_row sfsi_wDiv \"  style=\"width:225px;text-align:left;\"><div style='width:40px; height:40px;margin-left:5px;margin-bottom:5px; ' class='sfsi_wicons shuffeldiv ' ><div class='inerCnt'><a class=' sficn' data-effect='' target='_blank'  href='http:\/\/www.chouettes-services.com\/?feed=rss2' id='sfsiid_rss_icon' style='width:40px;height:40px;opacity:1;'  ><img data-pin-nopin='true' alt='RSS' title='RSS' src='https:\/\/www.chouettes-services.com\/wp-content\/plugins\/ultimate-social-media-icons\/images\/icons_theme\/thin\/thin_rss.png' width='40' height='40' style='' class='sfcm sfsi_wicon ' data-effect=''   \/><\/a><\/div><\/div><div style='width:40px; height:40px;margin-left:5px;margin-bottom:5px; ' class='sfsi_wicons shuffeldiv ' ><div class='inerCnt'><a class=' sficn' data-effect='' target='_blank'  href='' id='sfsiid_facebook_icon' style='width:40px;height:40px;opacity:1;'  ><img data-pin-nopin='true' alt='Facebook' title='Facebook' src='https:\/\/www.chouettes-services.com\/wp-content\/plugins\/ultimate-social-media-icons\/images\/icons_theme\/thin\/thin_facebook.png' width='40' height='40' style='' class='sfcm sfsi_wicon ' data-effect=''   \/><\/a><div class=\"sfsi_tool_tip_2 fb_tool_bdr sfsiTlleft\" style=\"opacity:0;z-index:-1;\" id=\"sfsiid_facebook\"><span class=\"bot_arow bot_fb_arow\"><\/span><div class=\"sfsi_inside\"><div  class='icon3'><a target='_blank' href='https:\/\/www.facebook.com\/sharer\/sharer.php?u=https%3A%2F%2Fwww.chouettes-services.com%2F%3Fpage_id%3D37%26rest_route%3D%2Fwp%2Fv2%2Fpages%2F37' style='display:inline-block;'  > <img class='sfsi_wicon'  data-pin-nopin='true' alt='fb-share-icon' title='Facebook Share' src='https:\/\/www.chouettes-services.com\/wp-content\/plugins\/ultimate-social-media-icons\/images\/share_icons\/fb_icons\/en_US.svg' \/><\/a><\/div><\/div><\/div><\/div><\/div><div style='width:40px; height:40px;margin-left:5px;margin-bottom:5px; ' class='sfsi_wicons shuffeldiv ' ><div class='inerCnt'><a class=' sficn' data-effect='' target='_blank'  href='' id='sfsiid_twitter_icon' style='width:40px;height:40px;opacity:1;'  ><img data-pin-nopin='true' alt='Twitter' title='Twitter' src='https:\/\/www.chouettes-services.com\/wp-content\/plugins\/ultimate-social-media-icons\/images\/icons_theme\/thin\/thin_twitter.png' width='40' height='40' style='' class='sfcm sfsi_wicon ' data-effect=''   \/><\/a><div class=\"sfsi_tool_tip_2 twt_tool_bdr sfsiTlleft\" style=\"opacity:0;z-index:-1;\" id=\"sfsiid_twitter\"><span class=\"bot_arow bot_twt_arow\"><\/span><div class=\"sfsi_inside\"><div  class='icon2'><div class='sf_twiter' style='display: inline-block;vertical-align: middle;width: auto;'>\r\n\t\t\t\t\t\t<a target='_blank' href='https:\/\/x.com\/intent\/post?text=D%C3%A9couvrez+les+services+offerts+par+%40ChouettesServices+sur+http%3A%2F%2Fwww.chouettes-services.com+https%3A%2F%2Fwww.chouettes-services.com%2F%3Fpage_id%3D37%26%23038%3Brest_route%3D%2Fwp%2Fv2%2Fpages%2F37' style='display:inline-block' >\r\n\t\t\t\t\t\t\t<img data-pin-nopin= true class='sfsi_wicon' src='https:\/\/www.chouettes-services.com\/wp-content\/plugins\/ultimate-social-media-icons\/images\/share_icons\/Twitter_Tweet\/en_US_Tweet.svg' alt='Post on X' title='Post on X' >\r\n\t\t\t\t\t\t<\/a>\r\n\t\t\t\t\t<\/div><\/div><\/div><\/div><\/div><\/div><\/div ><div id=\"sfsi_holder\" class=\"sfsi_holders\" style=\"position: relative; float: left;width:100%;z-index:-1;\"><\/div ><script>window.addEventListener(\"sfsi_functions_loaded\", function()\n\t\t\t{\n\t\t\t\tif (typeof sfsi_widget_set == \"function\") {\n\t\t\t\t\tsfsi_widget_set();\n\t\t\t\t}\n\t\t\t}); <\/script><div style=\"clear: both;\"><\/div><\/div>\n<\/div>\n<\/div><\/div><\/div><\/div><\/div><\/div>","protected":false},"excerpt":{"rendered":"<p>Avantages &amp; Aides Entreprise locale au sein d&rsquo;un r\u00e9seau national Nous souhaitons avant tout travailler dans une relation de confiance et de proximit\u00e9 tant avec nos clients qu\u2019avec nos salari\u00e9s. Mode Prestataire Chouettes services fonctionne uniquement en mode prestataire : vous n\u2019\u00eates jamais l\u2019employeur de la (les) personne(s) qui intervient(nent) \u00e0 votre domicile. La tarification &#8230; <a title=\"Avantages &#038; Aides\" class=\"read-more\" href=\"https:\/\/www.chouettes-services.com\/?page_id=37\" aria-label=\"En savoir plus sur Avantages &#038; Aides\">Lire la suite<\/a><\/p>\n","protected":false},"author":1,"featured_media":0,"parent":0,"menu_order":0,"comment_status":"closed","ping_status":"closed","template":"","meta":{"footnotes":""},"class_list":["post-37","page","type-page","status-publish"],"yoast_head":"<!-- This site is optimized with the Yoast SEO plugin v27.5 - https:\/\/yoast.com\/product\/yoast-seo-wordpress\/ -->\n<title>Avantages &amp; Aides - Chouettes Services<\/title>\n<meta name=\"description\" content=\"Chouettes services fonctionne uniquement en mode prestataire : vous n\u2019\u00eates jamais l\u2019employeur de la (les) personne(s) qui intervient(nent) \u00e0 votre domicile. La tarification affich\u00e9e est donc une tarification TTC \u00e0 laquelle vous n\u2019avez aucun frais suppl\u00e9mentaire \u00e0 rajouter : pas de charges sociales, ni de cong\u00e9s pay\u00e9s, ni m\u00eame de frais de d\u00e9placement (les frais kilom\u00e9triques qui vous sont factur\u00e9s ne concernent que les accompagnements r\u00e9alis\u00e9s \u00e0 votre demande dans le cadre de la prestation).\" \/>\n<meta name=\"robots\" content=\"index, follow, max-snippet:-1, max-image-preview:large, max-video-preview:-1\" \/>\n<link rel=\"canonical\" href=\"https:\/\/www.chouettes-services.com\/?page_id=37\" \/>\n<meta property=\"og:locale\" content=\"fr_FR\" \/>\n<meta property=\"og:type\" content=\"article\" \/>\n<meta property=\"og:title\" content=\"Avantages &amp; Aides - Chouettes Services\" \/>\n<meta property=\"og:description\" content=\"Chouettes services fonctionne uniquement en mode prestataire : vous n\u2019\u00eates jamais l\u2019employeur de la (les) personne(s) qui intervient(nent) \u00e0 votre domicile. La tarification affich\u00e9e est donc une tarification TTC \u00e0 laquelle vous n\u2019avez aucun frais suppl\u00e9mentaire \u00e0 rajouter : pas de charges sociales, ni de cong\u00e9s pay\u00e9s, ni m\u00eame de frais de d\u00e9placement (les frais kilom\u00e9triques qui vous sont factur\u00e9s ne concernent que les accompagnements r\u00e9alis\u00e9s \u00e0 votre demande dans le cadre de la prestation).\" \/>\n<meta property=\"og:url\" content=\"https:\/\/www.chouettes-services.com\/?page_id=37\" \/>\n<meta property=\"og:site_name\" content=\"Chouettes Services\" \/>\n<meta property=\"article:modified_time\" content=\"2023-06-28T13:44:11+00:00\" \/>\n<meta property=\"og:image\" content=\"http:\/\/www.chouettes-services.com\/wp-content\/uploads\/2019\/07\/credit-impot.jpg\" \/>\n<meta name=\"twitter:card\" content=\"summary_large_image\" \/>\n<meta name=\"twitter:label1\" content=\"Dur\u00e9e de lecture estim\u00e9e\" \/>\n\t<meta name=\"twitter:data1\" content=\"3 minutes\" \/>\n<script type=\"application\/ld+json\" class=\"yoast-schema-graph\">{\"@context\":\"https:\\\/\\\/schema.org\",\"@graph\":[{\"@type\":\"WebPage\",\"@id\":\"https:\\\/\\\/www.chouettes-services.com\\\/?page_id=37\",\"url\":\"https:\\\/\\\/www.chouettes-services.com\\\/?page_id=37\",\"name\":\"Avantages & Aides - Chouettes Services\",\"isPartOf\":{\"@id\":\"https:\\\/\\\/www.chouettes-services.com\\\/#website\"},\"primaryImageOfPage\":{\"@id\":\"https:\\\/\\\/www.chouettes-services.com\\\/?page_id=37#primaryimage\"},\"image\":{\"@id\":\"https:\\\/\\\/www.chouettes-services.com\\\/?page_id=37#primaryimage\"},\"thumbnailUrl\":\"http:\\\/\\\/www.chouettes-services.com\\\/wp-content\\\/uploads\\\/2019\\\/07\\\/credit-impot.jpg\",\"datePublished\":\"2019-05-09T12:51:24+00:00\",\"dateModified\":\"2023-06-28T13:44:11+00:00\",\"description\":\"Chouettes services fonctionne uniquement en mode prestataire : vous n\u2019\u00eates jamais l\u2019employeur de la (les) personne(s) qui intervient(nent) \u00e0 votre domicile. La tarification affich\u00e9e est donc une tarification TTC \u00e0 laquelle vous n\u2019avez aucun frais suppl\u00e9mentaire \u00e0 rajouter : pas de charges sociales, ni de cong\u00e9s pay\u00e9s, ni m\u00eame de frais de d\u00e9placement (les frais kilom\u00e9triques qui vous sont factur\u00e9s ne concernent que les accompagnements r\u00e9alis\u00e9s \u00e0 votre demande dans le cadre de la prestation).\",\"breadcrumb\":{\"@id\":\"https:\\\/\\\/www.chouettes-services.com\\\/?page_id=37#breadcrumb\"},\"inLanguage\":\"fr-FR\",\"potentialAction\":[{\"@type\":\"ReadAction\",\"target\":[\"https:\\\/\\\/www.chouettes-services.com\\\/?page_id=37\"]}]},{\"@type\":\"ImageObject\",\"inLanguage\":\"fr-FR\",\"@id\":\"https:\\\/\\\/www.chouettes-services.com\\\/?page_id=37#primaryimage\",\"url\":\"https:\\\/\\\/www.chouettes-services.com\\\/wp-content\\\/uploads\\\/2019\\\/07\\\/credit-impot.jpg\",\"contentUrl\":\"https:\\\/\\\/www.chouettes-services.com\\\/wp-content\\\/uploads\\\/2019\\\/07\\\/credit-impot.jpg\",\"width\":456,\"height\":237},{\"@type\":\"BreadcrumbList\",\"@id\":\"https:\\\/\\\/www.chouettes-services.com\\\/?page_id=37#breadcrumb\",\"itemListElement\":[{\"@type\":\"ListItem\",\"position\":1,\"name\":\"Accueil\",\"item\":\"https:\\\/\\\/www.chouettes-services.com\\\/\"},{\"@type\":\"ListItem\",\"position\":2,\"name\":\"Avantages &#038; Aides\"}]},{\"@type\":\"WebSite\",\"@id\":\"https:\\\/\\\/www.chouettes-services.com\\\/#website\",\"url\":\"https:\\\/\\\/www.chouettes-services.com\\\/\",\"name\":\"Chouettes Services\",\"description\":\"R\u00e9seau Destia\",\"publisher\":{\"@id\":\"https:\\\/\\\/www.chouettes-services.com\\\/#organization\"},\"potentialAction\":[{\"@type\":\"SearchAction\",\"target\":{\"@type\":\"EntryPoint\",\"urlTemplate\":\"https:\\\/\\\/www.chouettes-services.com\\\/?s={search_term_string}\"},\"query-input\":{\"@type\":\"PropertyValueSpecification\",\"valueRequired\":true,\"valueName\":\"search_term_string\"}}],\"inLanguage\":\"fr-FR\"},{\"@type\":\"Organization\",\"@id\":\"https:\\\/\\\/www.chouettes-services.com\\\/#organization\",\"name\":\"Chouettes Services\",\"url\":\"https:\\\/\\\/www.chouettes-services.com\\\/\",\"logo\":{\"@type\":\"ImageObject\",\"inLanguage\":\"fr-FR\",\"@id\":\"https:\\\/\\\/www.chouettes-services.com\\\/#\\\/schema\\\/logo\\\/image\\\/\",\"url\":\"https:\\\/\\\/www.chouettes-services.com\\\/wp-content\\\/uploads\\\/2023\\\/06\\\/cropped-Capture-decran-2023-06-28-a-15.45.53.png\",\"contentUrl\":\"https:\\\/\\\/www.chouettes-services.com\\\/wp-content\\\/uploads\\\/2023\\\/06\\\/cropped-Capture-decran-2023-06-28-a-15.45.53.png\",\"width\":3393,\"height\":2003,\"caption\":\"Chouettes Services\"},\"image\":{\"@id\":\"https:\\\/\\\/www.chouettes-services.com\\\/#\\\/schema\\\/logo\\\/image\\\/\"}}]}<\/script>\n<!-- \/ Yoast SEO plugin. -->","yoast_head_json":{"title":"Avantages & Aides - Chouettes Services","description":"Chouettes services fonctionne uniquement en mode prestataire : vous n\u2019\u00eates jamais l\u2019employeur de la (les) personne(s) qui intervient(nent) \u00e0 votre domicile. La tarification affich\u00e9e est donc une tarification TTC \u00e0 laquelle vous n\u2019avez aucun frais suppl\u00e9mentaire \u00e0 rajouter : pas de charges sociales, ni de cong\u00e9s pay\u00e9s, ni m\u00eame de frais de d\u00e9placement (les frais kilom\u00e9triques qui vous sont factur\u00e9s ne concernent que les accompagnements r\u00e9alis\u00e9s \u00e0 votre demande dans le cadre de la prestation).","robots":{"index":"index","follow":"follow","max-snippet":"max-snippet:-1","max-image-preview":"max-image-preview:large","max-video-preview":"max-video-preview:-1"},"canonical":"https:\/\/www.chouettes-services.com\/?page_id=37","og_locale":"fr_FR","og_type":"article","og_title":"Avantages & Aides - Chouettes Services","og_description":"Chouettes services fonctionne uniquement en mode prestataire : vous n\u2019\u00eates jamais l\u2019employeur de la (les) personne(s) qui intervient(nent) \u00e0 votre domicile. La tarification affich\u00e9e est donc une tarification TTC \u00e0 laquelle vous n\u2019avez aucun frais suppl\u00e9mentaire \u00e0 rajouter : pas de charges sociales, ni de cong\u00e9s pay\u00e9s, ni m\u00eame de frais de d\u00e9placement (les frais kilom\u00e9triques qui vous sont factur\u00e9s ne concernent que les accompagnements r\u00e9alis\u00e9s \u00e0 votre demande dans le cadre de la prestation).","og_url":"https:\/\/www.chouettes-services.com\/?page_id=37","og_site_name":"Chouettes Services","article_modified_time":"2023-06-28T13:44:11+00:00","og_image":[{"url":"http:\/\/www.chouettes-services.com\/wp-content\/uploads\/2019\/07\/credit-impot.jpg","type":"","width":"","height":""}],"twitter_card":"summary_large_image","twitter_misc":{"Dur\u00e9e de lecture estim\u00e9e":"3 minutes"},"schema":{"@context":"https:\/\/schema.org","@graph":[{"@type":"WebPage","@id":"https:\/\/www.chouettes-services.com\/?page_id=37","url":"https:\/\/www.chouettes-services.com\/?page_id=37","name":"Avantages & Aides - Chouettes Services","isPartOf":{"@id":"https:\/\/www.chouettes-services.com\/#website"},"primaryImageOfPage":{"@id":"https:\/\/www.chouettes-services.com\/?page_id=37#primaryimage"},"image":{"@id":"https:\/\/www.chouettes-services.com\/?page_id=37#primaryimage"},"thumbnailUrl":"http:\/\/www.chouettes-services.com\/wp-content\/uploads\/2019\/07\/credit-impot.jpg","datePublished":"2019-05-09T12:51:24+00:00","dateModified":"2023-06-28T13:44:11+00:00","description":"Chouettes services fonctionne uniquement en mode prestataire : vous n\u2019\u00eates jamais l\u2019employeur de la (les) personne(s) qui intervient(nent) \u00e0 votre domicile. La tarification affich\u00e9e est donc une tarification TTC \u00e0 laquelle vous n\u2019avez aucun frais suppl\u00e9mentaire \u00e0 rajouter : pas de charges sociales, ni de cong\u00e9s pay\u00e9s, ni m\u00eame de frais de d\u00e9placement (les frais kilom\u00e9triques qui vous sont factur\u00e9s ne concernent que les accompagnements r\u00e9alis\u00e9s \u00e0 votre demande dans le cadre de la prestation).","breadcrumb":{"@id":"https:\/\/www.chouettes-services.com\/?page_id=37#breadcrumb"},"inLanguage":"fr-FR","potentialAction":[{"@type":"ReadAction","target":["https:\/\/www.chouettes-services.com\/?page_id=37"]}]},{"@type":"ImageObject","inLanguage":"fr-FR","@id":"https:\/\/www.chouettes-services.com\/?page_id=37#primaryimage","url":"https:\/\/www.chouettes-services.com\/wp-content\/uploads\/2019\/07\/credit-impot.jpg","contentUrl":"https:\/\/www.chouettes-services.com\/wp-content\/uploads\/2019\/07\/credit-impot.jpg","width":456,"height":237},{"@type":"BreadcrumbList","@id":"https:\/\/www.chouettes-services.com\/?page_id=37#breadcrumb","itemListElement":[{"@type":"ListItem","position":1,"name":"Accueil","item":"https:\/\/www.chouettes-services.com\/"},{"@type":"ListItem","position":2,"name":"Avantages &#038; Aides"}]},{"@type":"WebSite","@id":"https:\/\/www.chouettes-services.com\/#website","url":"https:\/\/www.chouettes-services.com\/","name":"Chouettes Services","description":"R\u00e9seau Destia","publisher":{"@id":"https:\/\/www.chouettes-services.com\/#organization"},"potentialAction":[{"@type":"SearchAction","target":{"@type":"EntryPoint","urlTemplate":"https:\/\/www.chouettes-services.com\/?s={search_term_string}"},"query-input":{"@type":"PropertyValueSpecification","valueRequired":true,"valueName":"search_term_string"}}],"inLanguage":"fr-FR"},{"@type":"Organization","@id":"https:\/\/www.chouettes-services.com\/#organization","name":"Chouettes Services","url":"https:\/\/www.chouettes-services.com\/","logo":{"@type":"ImageObject","inLanguage":"fr-FR","@id":"https:\/\/www.chouettes-services.com\/#\/schema\/logo\/image\/","url":"https:\/\/www.chouettes-services.com\/wp-content\/uploads\/2023\/06\/cropped-Capture-decran-2023-06-28-a-15.45.53.png","contentUrl":"https:\/\/www.chouettes-services.com\/wp-content\/uploads\/2023\/06\/cropped-Capture-decran-2023-06-28-a-15.45.53.png","width":3393,"height":2003,"caption":"Chouettes Services"},"image":{"@id":"https:\/\/www.chouettes-services.com\/#\/schema\/logo\/image\/"}}]}},"_links":{"self":[{"href":"https:\/\/www.chouettes-services.com\/index.php?rest_route=\/wp\/v2\/pages\/37","targetHints":{"allow":["GET"]}}],"collection":[{"href":"https:\/\/www.chouettes-services.com\/index.php?rest_route=\/wp\/v2\/pages"}],"about":[{"href":"https:\/\/www.chouettes-services.com\/index.php?rest_route=\/wp\/v2\/types\/page"}],"author":[{"embeddable":true,"href":"https:\/\/www.chouettes-services.com\/index.php?rest_route=\/wp\/v2\/users\/1"}],"replies":[{"embeddable":true,"href":"https:\/\/www.chouettes-services.com\/index.php?rest_route=%2Fwp%2Fv2%2Fcomments&post=37"}],"version-history":[{"count":44,"href":"https:\/\/www.chouettes-services.com\/index.php?rest_route=\/wp\/v2\/pages\/37\/revisions"}],"predecessor-version":[{"id":888,"href":"https:\/\/www.chouettes-services.com\/index.php?rest_route=\/wp\/v2\/pages\/37\/revisions\/888"}],"wp:attachment":[{"href":"https:\/\/www.chouettes-services.com\/index.php?rest_route=%2Fwp%2Fv2%2Fmedia&parent=37"}],"curies":[{"name":"wp","href":"https:\/\/api.w.org\/{rel}","templated":true}]}}